{"id":91,"date":"2024-09-11T14:09:22","date_gmt":"2024-09-11T12:09:22","guid":{"rendered":"https:\/\/websites.fraunhofer.de\/rfb-predictor\/?page_id=91"},"modified":"2025-06-10T11:13:41","modified_gmt":"2025-06-10T09:13:41","slug":"cellcube-energy-storage-gmbh","status":"publish","type":"page","link":"https:\/\/www.rfb-predictor.eu\/?page_id=91","title":{"rendered":"CellCube Energy Storage GmbH (ENX)"},"content":{"rendered":"\t\t<div data-elementor-type=\"wp-page\" data-elementor-id=\"91\" class=\"elementor elementor-91\" data-elementor-post-type=\"page\">\n\t\t\t\t<div class=\"elementor-element elementor-element-5099450a e-con-full e-flex elementor-invisible e-con e-parent\" data-id=\"5099450a\" data-element_type=\"container\" data-e-type=\"container\" data-settings=\"{&quot;background_background&quot;:&quot;classic&quot;,&quot;sticky&quot;:&quot;top&quot;,&quot;sticky_parent&quot;:&quot;yes&quot;,&quot;animation&quot;:&quot;fadeIn&quot;,&quot;sticky_on&quot;:[&quot;desktop&quot;,&quot;tablet&quot;,&quot;mobile&quot;],&quot;sticky_offset&quot;:0,&quot;sticky_effects_offset&quot;:0,&quot;sticky_anchor_link_offset&quot;:0}\">\n\t\t\t\t<div class=\"elementor-element elementor-element-1fd74955 elementor-nav-menu__align-center elementor-nav-menu--dropdown-tablet elementor-nav-menu__text-align-aside elementor-nav-menu--toggle elementor-nav-menu--burger elementor-widget elementor-widget-nav-menu\" data-id=\"1fd74955\" data-element_type=\"widget\" data-e-type=\"widget\" data-settings=\"{&quot;layout&quot;:&quot;horizontal&quot;,&quot;submenu_icon&quot;:{&quot;value&quot;:&quot;&lt;svg aria-hidden=\\&quot;true\\&quot; class=\\&quot;e-font-icon-svg e-fas-caret-down\\&quot; viewBox=\\&quot;0 0 320 512\\&quot; xmlns=\\&quot;http:\\\/\\\/www.w3.org\\\/2000\\\/svg\\&quot;&gt;&lt;path d=\\&quot;M31.3 192h257.3c17.8 0 26.7 21.5 14.1 34.1L174.1 354.8c-7.8 7.8-20.5 7.8-28.3 0L17.2 226.1C4.6 213.5 13.5 192 31.3 192z\\&quot;&gt;&lt;\\\/path&gt;&lt;\\\/svg&gt;&quot;,&quot;library&quot;:&quot;fa-solid&quot;},&quot;toggle&quot;:&quot;burger&quot;}\" data-widget_type=\"nav-menu.default\">\n\t\t\t\t<div class=\"elementor-widget-container\">\n\t\t\t\t\t\t\t\t<nav aria-label=\"Men\u00fc\" class=\"elementor-nav-menu--main elementor-nav-menu__container elementor-nav-menu--layout-horizontal e--pointer-text e--animation-grow\">\n\t\t\t\t<ul id=\"menu-1-1fd74955\" class=\"elementor-nav-menu\"><li class=\"menu-item menu-item-type-post_type menu-item-object-page menu-item-home menu-item-485\"><a href=\"https:\/\/www.rfb-predictor.eu\/\" class=\"elementor-item\">HOME<\/a><\/li>\n<li class=\"menu-item menu-item-type-post_type menu-item-object-page menu-item-144\"><a href=\"https:\/\/www.rfb-predictor.eu\/?page_id=12\" class=\"elementor-item\">RESEARCH<\/a><\/li>\n<li class=\"menu-item menu-item-type-post_type menu-item-object-page menu-item-145\"><a href=\"https:\/\/www.rfb-predictor.eu\/?page_id=35\" class=\"elementor-item\">TRAINING<\/a><\/li>\n<li class=\"menu-item menu-item-type-post_type menu-item-object-page menu-item-has-children menu-item-141\"><a href=\"https:\/\/www.rfb-predictor.eu\/?page_id=30\" class=\"elementor-item\">PARTNERS<\/a>\n<ul class=\"sub-menu elementor-nav-menu--dropdown\">\n\t<li class=\"menu-item menu-item-type-post_type menu-item-object-page menu-item-148\"><a href=\"https:\/\/www.rfb-predictor.eu\/?page_id=61\" class=\"elementor-sub-item\">Fraunhofer ICT<\/a><\/li>\n\t<li class=\"menu-item menu-item-type-post_type menu-item-object-page menu-item-558\"><a href=\"https:\/\/www.rfb-predictor.eu\/?page_id=266\" class=\"elementor-sub-item\">Fraunhofer SCAI<\/a><\/li>\n\t<li class=\"menu-item menu-item-type-post_type menu-item-object-page menu-item-151\"><a href=\"https:\/\/www.rfb-predictor.eu\/?page_id=66\" class=\"elementor-sub-item\">Technical University of Denmark<\/a><\/li>\n\t<li class=\"menu-item menu-item-type-post_type menu-item-object-page menu-item-249\"><a href=\"https:\/\/www.rfb-predictor.eu\/?page_id=71\" class=\"elementor-sub-item\">Software for Chemistry &#038; Materials BV<\/a><\/li>\n\t<li class=\"menu-item menu-item-type-post_type menu-item-object-page menu-item-152\"><a href=\"https:\/\/www.rfb-predictor.eu\/?page_id=76\" class=\"elementor-sub-item\">University of Aalto<\/a><\/li>\n\t<li class=\"menu-item menu-item-type-post_type menu-item-object-page menu-item-150\"><a href=\"https:\/\/www.rfb-predictor.eu\/?page_id=81\" class=\"elementor-sub-item\">National Centre for Scientific Research (CNRS)<\/a><\/li>\n\t<li class=\"menu-item menu-item-type-post_type menu-item-object-page menu-item-149\"><a href=\"https:\/\/www.rfb-predictor.eu\/?page_id=86\" class=\"elementor-sub-item\">Karlsruhe Institute of Technology<\/a><\/li>\n\t<li class=\"menu-item menu-item-type-post_type menu-item-object-page menu-item-147\"><a href=\"https:\/\/www.rfb-predictor.eu\/?page_id=91\" class=\"elementor-sub-item\">CellCube Energy Storage GmbH (ENX)<\/a><\/li>\n\t<li class=\"menu-item menu-item-type-post_type menu-item-object-page menu-item-323\"><a href=\"https:\/\/www.rfb-predictor.eu\/?page_id=258\" class=\"elementor-sub-item\">Zurich University of Applied Sciences (ZHAW) &#8211; associated partner<\/a><\/li>\n\t<li class=\"menu-item menu-item-type-post_type menu-item-object-page menu-item-407\"><a href=\"https:\/\/www.rfb-predictor.eu\/?page_id=391\" class=\"elementor-sub-item\">Department of Chemical Engineering and Biotechnology, University of Cambridge<\/a><\/li>\n\t<li class=\"menu-item menu-item-type-post_type menu-item-object-page menu-item-406\"><a href=\"https:\/\/www.rfb-predictor.eu\/?page_id=396\" class=\"elementor-sub-item\">Accelerated Materials LTD &#8211; associated partner<\/a><\/li>\n<\/ul>\n<\/li>\n<li class=\"menu-item menu-item-type-post_type menu-item-object-page menu-item-431\"><a href=\"https:\/\/www.rfb-predictor.eu\/?page_id=41\" class=\"elementor-item\">DOCTORAL CANDIDATES<\/a><\/li>\n<li class=\"menu-item menu-item-type-post_type menu-item-object-page menu-item-143\"><a href=\"https:\/\/www.rfb-predictor.eu\/?page_id=56\" class=\"elementor-item\">PUBLICATIONS<\/a><\/li>\n<li class=\"menu-item menu-item-type-post_type menu-item-object-page menu-item-146\"><a href=\"https:\/\/www.rfb-predictor.eu\/?page_id=46\" class=\"elementor-item\">NEWS<\/a><\/li>\n<li class=\"menu-item menu-item-type-post_type menu-item-object-page menu-item-153\"><a href=\"https:\/\/www.rfb-predictor.eu\/?page_id=51\" class=\"elementor-item\">EVENTS<\/a><\/li>\n<\/ul>\t\t\t<\/nav>\n\t\t\t\t\t<div class=\"elementor-menu-toggle\" role=\"button\" tabindex=\"0\" aria-label=\"Menu Toggle\" aria-expanded=\"false\">\n\t\t\t<svg aria-hidden=\"true\" role=\"presentation\" class=\"elementor-menu-toggle__icon--open e-font-icon-svg e-eicon-menu-bar\" viewBox=\"0 0 1000 1000\" xmlns=\"http:\/\/www.w3.org\/2000\/svg\"><path d=\"M104 333H896C929 333 958 304 958 271S929 208 896 208H104C71 208 42 237 42 271S71 333 104 333ZM104 583H896C929 583 958 554 958 521S929 458 896 458H104C71 458 42 487 42 521S71 583 104 583ZM104 833H896C929 833 958 804 958 771S929 708 896 708H104C71 708 42 737 42 771S71 833 104 833Z\"><\/path><\/svg><svg aria-hidden=\"true\" role=\"presentation\" class=\"elementor-menu-toggle__icon--close e-font-icon-svg e-eicon-close\" viewBox=\"0 0 1000 1000\" xmlns=\"http:\/\/www.w3.org\/2000\/svg\"><path d=\"M742 167L500 408 258 167C246 154 233 150 217 150 196 150 179 158 167 167 154 179 150 196 150 212 150 229 154 242 171 254L408 500 167 742C138 771 138 800 167 829 196 858 225 858 254 829L496 587 738 829C750 842 767 846 783 846 800 846 817 842 829 829 842 817 846 804 846 783 846 767 842 750 829 737L588 500 833 258C863 229 863 200 833 171 804 137 775 137 742 167Z\"><\/path><\/svg>\t\t<\/div>\n\t\t\t\t\t<nav class=\"elementor-nav-menu--dropdown elementor-nav-menu__container\" aria-hidden=\"true\">\n\t\t\t\t<ul id=\"menu-2-1fd74955\" class=\"elementor-nav-menu\"><li class=\"menu-item menu-item-type-post_type menu-item-object-page menu-item-home menu-item-485\"><a href=\"https:\/\/www.rfb-predictor.eu\/\" class=\"elementor-item\" tabindex=\"-1\">HOME<\/a><\/li>\n<li class=\"menu-item menu-item-type-post_type menu-item-object-page menu-item-144\"><a href=\"https:\/\/www.rfb-predictor.eu\/?page_id=12\" class=\"elementor-item\" tabindex=\"-1\">RESEARCH<\/a><\/li>\n<li class=\"menu-item menu-item-type-post_type menu-item-object-page menu-item-145\"><a href=\"https:\/\/www.rfb-predictor.eu\/?page_id=35\" class=\"elementor-item\" tabindex=\"-1\">TRAINING<\/a><\/li>\n<li class=\"menu-item menu-item-type-post_type menu-item-object-page menu-item-has-children menu-item-141\"><a href=\"https:\/\/www.rfb-predictor.eu\/?page_id=30\" class=\"elementor-item\" tabindex=\"-1\">PARTNERS<\/a>\n<ul class=\"sub-menu elementor-nav-menu--dropdown\">\n\t<li class=\"menu-item menu-item-type-post_type menu-item-object-page menu-item-148\"><a href=\"https:\/\/www.rfb-predictor.eu\/?page_id=61\" class=\"elementor-sub-item\" tabindex=\"-1\">Fraunhofer ICT<\/a><\/li>\n\t<li class=\"menu-item menu-item-type-post_type menu-item-object-page menu-item-558\"><a href=\"https:\/\/www.rfb-predictor.eu\/?page_id=266\" class=\"elementor-sub-item\" tabindex=\"-1\">Fraunhofer SCAI<\/a><\/li>\n\t<li class=\"menu-item menu-item-type-post_type menu-item-object-page menu-item-151\"><a href=\"https:\/\/www.rfb-predictor.eu\/?page_id=66\" class=\"elementor-sub-item\" tabindex=\"-1\">Technical University of Denmark<\/a><\/li>\n\t<li class=\"menu-item menu-item-type-post_type menu-item-object-page menu-item-249\"><a href=\"https:\/\/www.rfb-predictor.eu\/?page_id=71\" class=\"elementor-sub-item\" tabindex=\"-1\">Software for Chemistry &#038; Materials BV<\/a><\/li>\n\t<li class=\"menu-item menu-item-type-post_type menu-item-object-page menu-item-152\"><a href=\"https:\/\/www.rfb-predictor.eu\/?page_id=76\" class=\"elementor-sub-item\" tabindex=\"-1\">University of Aalto<\/a><\/li>\n\t<li class=\"menu-item menu-item-type-post_type menu-item-object-page menu-item-150\"><a href=\"https:\/\/www.rfb-predictor.eu\/?page_id=81\" class=\"elementor-sub-item\" tabindex=\"-1\">National Centre for Scientific Research (CNRS)<\/a><\/li>\n\t<li class=\"menu-item menu-item-type-post_type menu-item-object-page menu-item-149\"><a href=\"https:\/\/www.rfb-predictor.eu\/?page_id=86\" class=\"elementor-sub-item\" tabindex=\"-1\">Karlsruhe Institute of Technology<\/a><\/li>\n\t<li class=\"menu-item menu-item-type-post_type menu-item-object-page menu-item-147\"><a href=\"https:\/\/www.rfb-predictor.eu\/?page_id=91\" class=\"elementor-sub-item\" tabindex=\"-1\">CellCube Energy Storage GmbH (ENX)<\/a><\/li>\n\t<li class=\"menu-item menu-item-type-post_type menu-item-object-page menu-item-323\"><a href=\"https:\/\/www.rfb-predictor.eu\/?page_id=258\" class=\"elementor-sub-item\" tabindex=\"-1\">Zurich University of Applied Sciences (ZHAW) &#8211; associated partner<\/a><\/li>\n\t<li class=\"menu-item menu-item-type-post_type menu-item-object-page menu-item-407\"><a href=\"https:\/\/www.rfb-predictor.eu\/?page_id=391\" class=\"elementor-sub-item\" tabindex=\"-1\">Department of Chemical Engineering and Biotechnology, University of Cambridge<\/a><\/li>\n\t<li class=\"menu-item menu-item-type-post_type menu-item-object-page menu-item-406\"><a href=\"https:\/\/www.rfb-predictor.eu\/?page_id=396\" class=\"elementor-sub-item\" tabindex=\"-1\">Accelerated Materials LTD &#8211; associated partner<\/a><\/li>\n<\/ul>\n<\/li>\n<li class=\"menu-item menu-item-type-post_type menu-item-object-page menu-item-431\"><a href=\"https:\/\/www.rfb-predictor.eu\/?page_id=41\" class=\"elementor-item\" tabindex=\"-1\">DOCTORAL CANDIDATES<\/a><\/li>\n<li class=\"menu-item menu-item-type-post_type menu-item-object-page menu-item-143\"><a href=\"https:\/\/www.rfb-predictor.eu\/?page_id=56\" class=\"elementor-item\" tabindex=\"-1\">PUBLICATIONS<\/a><\/li>\n<li class=\"menu-item menu-item-type-post_type menu-item-object-page menu-item-146\"><a href=\"https:\/\/www.rfb-predictor.eu\/?page_id=46\" class=\"elementor-item\" tabindex=\"-1\">NEWS<\/a><\/li>\n<li class=\"menu-item menu-item-type-post_type menu-item-object-page menu-item-153\"><a href=\"https:\/\/www.rfb-predictor.eu\/?page_id=51\" class=\"elementor-item\" tabindex=\"-1\">EVENTS<\/a><\/li>\n<\/ul>\t\t\t<\/nav>\n\t\t\t\t\t\t<\/div>\n\t\t\t\t<\/div>\n\t\t\t\t<\/div>\n\t\t<div class=\"elementor-element elementor-element-204115a e-flex e-con-boxed e-con e-parent\" data-id=\"204115a\" data-element_type=\"container\" data-e-type=\"container\">\n\t\t\t\t\t<div class=\"e-con-inner\">\n\t\t\t\t<div class=\"elementor-element elementor-element-aee3c0b elementor-widget elementor-widget-spacer\" data-id=\"aee3c0b\" data-element_type=\"widget\" data-e-type=\"widget\" data-widget_type=\"spacer.default\">\n\t\t\t\t<div class=\"elementor-widget-container\">\n\t\t\t\t\t\t\t<div class=\"elementor-spacer\">\n\t\t\t<div class=\"elementor-spacer-inner\"><\/div>\n\t\t<\/div>\n\t\t\t\t\t\t<\/div>\n\t\t\t\t<\/div>\n\t\t\t\t\t<\/div>\n\t\t\t\t<\/div>\n\t\t<div class=\"elementor-element elementor-element-59d350af e-flex e-con-boxed e-con e-parent\" data-id=\"59d350af\" data-element_type=\"container\" data-e-type=\"container\" data-settings=\"{&quot;background_background&quot;:&quot;classic&quot;}\">\n\t\t\t\t\t<div class=\"e-con-inner\">\n\t\t<div class=\"elementor-element elementor-element-6d7af821 e-con-full e-flex e-con e-child\" data-id=\"6d7af821\" data-element_type=\"container\" data-e-type=\"container\">\n\t\t\t\t<div class=\"elementor-element elementor-element-12ced465 elementor-widget elementor-widget-image\" data-id=\"12ced465\" data-element_type=\"widget\" data-e-type=\"widget\" data-widget_type=\"image.default\">\n\t\t\t\t<div class=\"elementor-widget-container\">\n\t\t\t\t\t\t\t\t\t\t\t\t<figure class=\"wp-caption\">\n\t\t\t\t\t\t\t\t\t\t\t<a href=\"https:\/\/websites.fraunhofer.de\/rfb-predictor\/wp-content\/uploads\/2024\/10\/CellCube-Headquarter.jpg\" data-elementor-open-lightbox=\"yes\" data-elementor-lightbox-title=\"CellCube Headquarter\" data-e-action-hash=\"#elementor-action%3Aaction%3Dlightbox%26settings%3DeyJpZCI6NTI4LCJ1cmwiOiJodHRwczpcL1wvd3d3LnJmYi1wcmVkaWN0b3IuZXVcL3dwLWNvbnRlbnRcL3VwbG9hZHNcLzIwMjRcLzEwXC9DZWxsQ3ViZS1IZWFkcXVhcnRlci5qcGcifQ%3D%3D\">\n\t\t\t\t\t\t\t<img fetchpriority=\"high\" decoding=\"async\" width=\"1805\" height=\"873\" src=\"https:\/\/www.rfb-predictor.eu\/wp-content\/uploads\/2024\/10\/CellCube-Headquarter.jpg\" class=\"attachment-full size-full wp-image-528\" alt=\"\" srcset=\"https:\/\/www.rfb-predictor.eu\/wp-content\/uploads\/2024\/10\/CellCube-Headquarter.jpg 1805w, https:\/\/www.rfb-predictor.eu\/wp-content\/uploads\/2024\/10\/CellCube-Headquarter-300x145.jpg 300w, https:\/\/www.rfb-predictor.eu\/wp-content\/uploads\/2024\/10\/CellCube-Headquarter-1024x495.jpg 1024w, https:\/\/www.rfb-predictor.eu\/wp-content\/uploads\/2024\/10\/CellCube-Headquarter-768x371.jpg 768w, https:\/\/www.rfb-predictor.eu\/wp-content\/uploads\/2024\/10\/CellCube-Headquarter-1536x743.jpg 1536w\" sizes=\"(max-width: 1805px) 100vw, 1805px\" \/>\t\t\t\t\t\t\t\t<\/a>\n\t\t\t\t\t\t\t\t\t\t\t<figcaption class=\"widget-image-caption wp-caption-text\"><\/figcaption>\n\t\t\t\t\t\t\t\t\t\t<\/figure>\n\t\t\t\t\t\t\t\t\t<\/div>\n\t\t\t\t<\/div>\n\t\t\t\t<div class=\"elementor-element elementor-element-7b6f2802 elementor-widget elementor-widget-image\" data-id=\"7b6f2802\" data-element_type=\"widget\" data-e-type=\"widget\" data-widget_type=\"image.default\">\n\t\t\t\t<div class=\"elementor-widget-container\">\n\t\t\t\t\t\t\t\t\t\t\t\t\t\t\t<img decoding=\"async\" src=\"https:\/\/www.rfb-predictor.eu\/wp-content\/uploads\/2024\/10\/Cellcube_No-Claim_RGB_Gradient-3.png\" title=\"Cellcube_No Claim_RGB_Gradient (3)\" alt=\"Cellcube_No Claim_RGB_Gradient (3)\" loading=\"lazy\" \/>\t\t\t\t\t\t\t\t\t\t\t\t\t\t\t<\/div>\n\t\t\t\t<\/div>\n\t\t\t\t<div class=\"elementor-element elementor-element-2590d11c elementor-widget elementor-widget-text-editor\" data-id=\"2590d11c\" data-element_type=\"widget\" data-e-type=\"widget\" data-widget_type=\"text-editor.default\">\n\t\t\t\t<div class=\"elementor-widget-container\">\n\t\t\t\t\t\t\t\t\t<h6>CellCube Energy Storage GmbH<\/h6><p>Austria<br \/>IZ N\u00d6-S\u00fcd Stra\u00dfe 3, Objekt M36, <br \/>2355 Wiener Neudorf, Austria<\/p><p><a href=\"https:\/\/www.cellcube.com\/\">\ud83d\udd17CellCube.com<\/a><\/p>\t\t\t\t\t\t\t\t<\/div>\n\t\t\t\t<\/div>\n\t\t\t\t<\/div>\n\t\t<div class=\"elementor-element elementor-element-6966a2e6 e-con-full e-flex e-con e-child\" data-id=\"6966a2e6\" data-element_type=\"container\" data-e-type=\"container\">\n\t\t\t\t<div class=\"elementor-element elementor-element-15530f19 elementor-widget elementor-widget-text-editor\" data-id=\"15530f19\" data-element_type=\"widget\" data-e-type=\"widget\" data-widget_type=\"text-editor.default\">\n\t\t\t\t<div class=\"elementor-widget-container\">\n\t\t\t\t\t\t\t\t\t<p>CellCube Energy Storage GmbH, formerly named Enerox GmbH (ENX), is a vanadium flow battery company with over 20 years of research and product development experience, having transitioned from small systems to grid-scale solutions. With a track record of over 140 flow battery installations worldwide, CellCube Energy Storage GmbH has continuously refined its products over the years to provide a competitive, sustainable, and safer alternative to lithium-based energy storage systems.<\/p>\t\t\t\t\t\t\t\t<\/div>\n\t\t\t\t<\/div>\n\t\t\t\t<div class=\"elementor-element elementor-element-7db8696a elementor-widget elementor-widget-heading\" data-id=\"7db8696a\" data-element_type=\"widget\" data-e-type=\"widget\" data-widget_type=\"heading.default\">\n\t\t\t\t<div class=\"elementor-widget-container\">\n\t\t\t\t\t<h2 class=\"elementor-heading-title elementor-size-default\">Main tasks in PREDICTOR<\/h2>\t\t\t\t<\/div>\n\t\t\t\t<\/div>\n\t\t\t\t<div class=\"elementor-element elementor-element-ab39eae elementor-widget elementor-widget-text-editor\" data-id=\"ab39eae\" data-element_type=\"widget\" data-e-type=\"widget\" data-widget_type=\"text-editor.default\">\n\t\t\t\t<div class=\"elementor-widget-container\">\n\t\t\t\t\t\t\t\t\t<p>A stack behavior model will be developed using the vanadium system for calibration and validation purposes. The new active materials will be subjected to experimental testing and modelling. Furthermore, a model predictive control framework will be developed based on the ENX model.<\/p>\t\t\t\t\t\t\t\t<\/div>\n\t\t\t\t<\/div>\n\t\t\t\t<\/div>\n\t\t\t\t\t<\/div>\n\t\t\t\t<\/div>\n\t\t<div class=\"elementor-element elementor-element-0561c96 e-flex e-con-boxed e-con e-parent\" data-id=\"0561c96\" data-element_type=\"container\" data-e-type=\"container\">\n\t\t\t\t\t<div class=\"e-con-inner\">\n\t\t\t\t<div class=\"elementor-element elementor-element-73d00de elementor-widget elementor-widget-spacer\" data-id=\"73d00de\" data-element_type=\"widget\" data-e-type=\"widget\" data-widget_type=\"spacer.default\">\n\t\t\t\t<div class=\"elementor-widget-container\">\n\t\t\t\t\t\t\t<div class=\"elementor-spacer\">\n\t\t\t<div class=\"elementor-spacer-inner\"><\/div>\n\t\t<\/div>\n\t\t\t\t\t\t<\/div>\n\t\t\t\t<\/div>\n\t\t\t\t\t<\/div>\n\t\t\t\t<\/div>\n\t\t<div class=\"elementor-element elementor-element-70398be8 e-flex e-con-boxed e-con e-parent\" data-id=\"70398be8\" data-element_type=\"container\" data-e-type=\"container\" data-settings=\"{&quot;background_background&quot;:&quot;classic&quot;}\">\n\t\t\t\t\t<div class=\"e-con-inner\">\n\t\t<div class=\"elementor-element elementor-element-71d9eeae e-con-full e-flex e-con e-child\" data-id=\"71d9eeae\" data-element_type=\"container\" data-e-type=\"container\">\n\t\t\t\t<div class=\"elementor-element elementor-element-5f3ae46a elementor-widget elementor-widget-image\" data-id=\"5f3ae46a\" data-element_type=\"widget\" data-e-type=\"widget\" data-widget_type=\"image.default\">\n\t\t\t\t<div class=\"elementor-widget-container\">\n\t\t\t\t\t\t\t\t\t\t\t\t<figure class=\"wp-caption\">\n\t\t\t\t\t\t\t\t\t\t<img decoding=\"async\" width=\"1312\" height=\"875\" src=\"https:\/\/www.rfb-predictor.eu\/wp-content\/uploads\/2024\/10\/DSC04141.jpg\" class=\"attachment-full size-full wp-image-530\" alt=\"\" srcset=\"https:\/\/www.rfb-predictor.eu\/wp-content\/uploads\/2024\/10\/DSC04141.jpg 1312w, https:\/\/www.rfb-predictor.eu\/wp-content\/uploads\/2024\/10\/DSC04141-300x200.jpg 300w, https:\/\/www.rfb-predictor.eu\/wp-content\/uploads\/2024\/10\/DSC04141-1024x683.jpg 1024w, https:\/\/www.rfb-predictor.eu\/wp-content\/uploads\/2024\/10\/DSC04141-768x512.jpg 768w\" sizes=\"(max-width: 1312px) 100vw, 1312px\" \/>\t\t\t\t\t\t\t\t\t\t\t<figcaption class=\"widget-image-caption wp-caption-text\">Dr. Jie Sun<\/figcaption>\n\t\t\t\t\t\t\t\t\t\t<\/figure>\n\t\t\t\t\t\t\t\t\t<\/div>\n\t\t\t\t<\/div>\n\t\t\t\t<\/div>\n\t\t<div class=\"elementor-element elementor-element-2594a2d6 e-con-full e-flex e-con e-child\" data-id=\"2594a2d6\" data-element_type=\"container\" data-e-type=\"container\">\n\t\t\t\t<div class=\"elementor-element elementor-element-31ef3c6a elementor-blockquote--skin-border elementor-widget elementor-widget-blockquote\" data-id=\"31ef3c6a\" data-element_type=\"widget\" data-e-type=\"widget\" data-widget_type=\"blockquote.default\">\n\t\t\t\t<div class=\"elementor-widget-container\">\n\t\t\t\t\t\t\t<blockquote class=\"elementor-blockquote\">\n\t\t\t<p class=\"elementor-blockquote__content\">\n\t\t\t\tCellCube Energy Storage is interested in the development of a tunable chemistry-agnostic stack and system behavioral model that can predict scaling effects of present and experimental chemistry. It is vital to maintain a competitive advantage not only in the stack and system concept but also in the chemistry development.\t\t\t<\/p>\n\t\t\t\t\t\t\t<div class=\"e-q-footer\">\n\t\t\t\t\t\t\t\t\t\t\t<cite class=\"elementor-blockquote__author\">Dr. Jie Sun<\/cite>\n\t\t\t\t\t\t\t\t\t\t\t\t\t\t<\/div>\n\t\t\t\t\t<\/blockquote>\n\t\t\t\t\t\t<\/div>\n\t\t\t\t<\/div>\n\t\t\t\t<\/div>\n\t\t\t\t\t<\/div>\n\t\t\t\t<\/div>\n\t\t\t\t<\/div>\n\t\t","protected":false},"excerpt":{"rendered":"<p>CellCube Energy Storage GmbH AustriaIZ N\u00d6-S\u00fcd Stra\u00dfe 3, Objekt M36, 2355 Wiener Neudorf, Austria \ud83d\udd17CellCube.com CellCube Energy Storage GmbH, formerly named Enerox GmbH (ENX), is a vanadium flow battery company with over 20 years of research and product development experience, having transitioned from small systems to grid-scale solutions. With a track record of over 140 [&hellip;]<\/p>\n","protected":false},"author":1,"featured_media":0,"parent":0,"menu_order":0,"comment_status":"closed","ping_status":"closed","template":"","meta":{"footnotes":""},"class_list":["post-91","page","type-page","status-publish","hentry"],"_links":{"self":[{"href":"https:\/\/www.rfb-predictor.eu\/index.php?rest_route=\/wp\/v2\/pages\/91","targetHints":{"allow":["GET"]}}],"collection":[{"href":"https:\/\/www.rfb-predictor.eu\/index.php?rest_route=\/wp\/v2\/pages"}],"about":[{"href":"https:\/\/www.rfb-predictor.eu\/index.php?rest_route=\/wp\/v2\/types\/page"}],"author":[{"embeddable":true,"href":"https:\/\/www.rfb-predictor.eu\/index.php?rest_route=\/wp\/v2\/users\/1"}],"replies":[{"embeddable":true,"href":"https:\/\/www.rfb-predictor.eu\/index.php?rest_route=%2Fwp%2Fv2%2Fcomments&post=91"}],"version-history":[{"count":28,"href":"https:\/\/www.rfb-predictor.eu\/index.php?rest_route=\/wp\/v2\/pages\/91\/revisions"}],"predecessor-version":[{"id":1008,"href":"https:\/\/www.rfb-predictor.eu\/index.php?rest_route=\/wp\/v2\/pages\/91\/revisions\/1008"}],"wp:attachment":[{"href":"https:\/\/www.rfb-predictor.eu\/index.php?rest_route=%2Fwp%2Fv2%2Fmedia&parent=91"}],"curies":[{"name":"wp","href":"https:\/\/api.w.org\/{rel}","templated":true}]}}